{"id":83,"date":"2025-04-14T18:27:47","date_gmt":"2025-04-14T16:27:47","guid":{"rendered":"https:\/\/tonschoepfli.ch\/?page_id=83"},"modified":"2025-04-19T11:48:53","modified_gmt":"2025-04-19T09:48:53","slug":"willkommen","status":"publish","type":"page","link":"https:\/\/tonschoepfli.ch\/","title":{"rendered":"Herzlich Willkommen!"},"content":{"rendered":"\n<div class=\"wp-block-group alignfull is-layout-flow wp-block-group-is-layout-flow\" style=\"margin-top:0;margin-bottom:0\">\n<div class=\"wp-block-columns alignwide is-layout-flex wp-container-core-columns-is-layout-65e523f9 wp-block-columns-is-layout-flex\">\n<div class=\"wp-block-column is-layout-flow wp-block-column-is-layout-flow\" style=\"flex-basis:66.66%\">\n<p>Es freut mich, dass du meine Homepage besuchst.<\/p>\n\n\n\n<p>In der heutigen Zeit, hat das kreative Handwerk neben Arbeit, Schule und den vielen Hobbys nur sehr wenig Platz. Dies hat mich angespornt, diesem Trend etwas dagegen zu setzt.<\/p>\n\n\n\n<p>Ob Gross oder Klein, in meinem Tonsch\u00f6pfli hat es jede Menge Platz, um seiner Kreativit\u00e4t freien Lauf zu lassen. Mit t\u00f6pfern und malen vergeht die Zeit zwar wie im Fluge, jedoch entspannt es K\u00f6rper und Geist.<\/p>\n\n\n\n<p>Du kannst aus einem rohen &#8222;Klumpen&#8220; Ton eigene Gegenst\u00e4nde anfertigen. Dabei m\u00fcssen diese nach der Gestaltung zuerst trocknen und dann im Ofen gebrannt werden, bevor sie bemalt werden k\u00f6nnen.<\/p>\n\n\n\n<p>Es stehen aber auch bereits roh gebrannte Keramikgegenst\u00e4nde zum selbst bemalen zur Verf\u00fcgung. Aber auch diese ben\u00f6tigen einen Gang im Ofen, einen sogenannten Glasurbrand.<\/p>\n\n\n\n<p>Freue dich \u00fcber die selbst gefertigten (oder bemalten) Kunstwerke, die du mit nach Hause nehmen kannst.<\/p>\n<\/div>\n\n\n\n<div class=\"wp-block-column is-layout-flow wp-block-column-is-layout-flow\" style=\"flex-basis:33.33%\"><figure style=\"aspect-ratio:3\/2;\" class=\"wp-block-post-featured-image\"><img loading=\"lazy\" decoding=\"async\" width=\"1024\" height=\"768\" src=\"https:\/\/tonschoepfli.ch\/wp-content\/uploads\/2025\/04\/20240320_115723-1024x768.jpg\" class=\"attachment-large size-large wp-post-image\" alt=\"\" style=\"width:100%;height:100%;object-fit:cover;\" srcset=\"https:\/\/tonschoepfli.ch\/wp-content\/uploads\/2025\/04\/20240320_115723-1024x768.jpg 1024w, https:\/\/tonschoepfli.ch\/wp-content\/uploads\/2025\/04\/20240320_115723-300x225.jpg 300w, https:\/\/tonschoepfli.ch\/wp-content\/uploads\/2025\/04\/20240320_115723-768x576.jpg 768w, https:\/\/tonschoepfli.ch\/wp-content\/uploads\/2025\/04\/20240320_115723-1536x1152.jpg 1536w, https:\/\/tonschoepfli.ch\/wp-content\/uploads\/2025\/04\/20240320_115723-2048x1536.jpg 2048w\" sizes=\"auto, (max-width: 1024px) 100vw, 1024px\" \/><\/figure>\n\n\n<figure class=\"wp-block-image size-large\"><img loading=\"lazy\" decoding=\"async\" width=\"1024\" height=\"768\" src=\"https:\/\/tonschoepfli.ch\/wp-content\/uploads\/2025\/04\/Schoepfli_2-1024x768.jpg\" alt=\"\" class=\"wp-image-200\" srcset=\"https:\/\/tonschoepfli.ch\/wp-content\/uploads\/2025\/04\/Schoepfli_2-1024x768.jpg 1024w, https:\/\/tonschoepfli.ch\/wp-content\/uploads\/2025\/04\/Schoepfli_2-300x225.jpg 300w, https:\/\/tonschoepfli.ch\/wp-content\/uploads\/2025\/04\/Schoepfli_2-768x576.jpg 768w, https:\/\/tonschoepfli.ch\/wp-content\/uploads\/2025\/04\/Schoepfli_2-1536x1152.jpg 1536w, https:\/\/tonschoepfli.ch\/wp-content\/uploads\/2025\/04\/Schoepfli_2-2048x1536.jpg 2048w\" sizes=\"auto, (max-width: 1024px) 100vw, 1024px\" \/><\/figure>\n<\/div>\n<\/div>\n\n\n\n<div style=\"height:var(--wp--preset--spacing--30)\" aria-hidden=\"true\" class=\"wp-block-spacer\"><\/div>\n<\/div>\n","protected":false},"excerpt":{"rendered":"<p>Es freut mich, dass du meine Homepage besuchst. In der heutigen Zeit, hat das kreative Handwerk neben Arbeit, Schule und den vielen Hobbys nur sehr wenig Platz. Dies hat mich angespornt, diesem Trend etwas dagegen zu setzt. Ob Gross oder Klein, in meinem Tonsch\u00f6pfli hat es jede Menge Platz, um seiner Kreativit\u00e4t freien Lauf zu [&hellip;]<\/p>\n","protected":false},"author":1,"featured_media":132,"parent":0,"menu_order":1,"comment_status":"closed","ping_status":"closed","template":"","meta":{"footnotes":""},"class_list":["post-83","page","type-page","status-publish","has-post-thumbnail","hentry"],"_links":{"self":[{"href":"https:\/\/tonschoepfli.ch\/index.php\/wp-json\/wp\/v2\/pages\/83","targetHints":{"allow":["GET"]}}],"collection":[{"href":"https:\/\/tonschoepfli.ch\/index.php\/wp-json\/wp\/v2\/pages"}],"about":[{"href":"https:\/\/tonschoepfli.ch\/index.php\/wp-json\/wp\/v2\/types\/page"}],"author":[{"embeddable":true,"href":"https:\/\/tonschoepfli.ch\/index.php\/wp-json\/wp\/v2\/users\/1"}],"replies":[{"embeddable":true,"href":"https:\/\/tonschoepfli.ch\/index.php\/wp-json\/wp\/v2\/comments?post=83"}],"version-history":[{"count":8,"href":"https:\/\/tonschoepfli.ch\/index.php\/wp-json\/wp\/v2\/pages\/83\/revisions"}],"predecessor-version":[{"id":326,"href":"https:\/\/tonschoepfli.ch\/index.php\/wp-json\/wp\/v2\/pages\/83\/revisions\/326"}],"wp:featuredmedia":[{"embeddable":true,"href":"https:\/\/tonschoepfli.ch\/index.php\/wp-json\/wp\/v2\/media\/132"}],"wp:attachment":[{"href":"https:\/\/tonschoepfli.ch\/index.php\/wp-json\/wp\/v2\/media?parent=83"}],"curies":[{"name":"wp","href":"https:\/\/api.w.org\/{rel}","templated":true}]}}