{"id":340,"date":"2026-01-30T12:39:27","date_gmt":"2026-01-30T11:39:27","guid":{"rendered":"https:\/\/tonschoepfli.ch\/?page_id=340"},"modified":"2026-04-07T19:53:34","modified_gmt":"2026-04-07T17:53:34","slug":"kurse","status":"publish","type":"page","link":"https:\/\/tonschoepfli.ch\/index.php\/kurse\/","title":{"rendered":"Kurse"},"content":{"rendered":"\n<div class=\"wp-block-group alignfull is-style-default is-layout-flow wp-block-group-is-layout-flow\" style=\"margin-top:0;margin-bottom:0;padding-top:0;padding-bottom:0\">\n<div class=\"wp-block-columns alignwide is-layout-flex wp-container-core-columns-is-layout-8eb77903 wp-block-columns-is-layout-flex\" style=\"margin-top:0;margin-bottom:0\">\n<div class=\"wp-block-column is-vertically-aligned-center is-layout-flow wp-block-column-is-layout-flow\" style=\"padding-top:var(--wp--preset--spacing--30);padding-right:0;padding-bottom:var(--wp--preset--spacing--30);padding-left:0;flex-basis:100%\">\n<p class=\"is-style-default\">Die Kurse sind f\u00fcr Anf\u00e4nger und Fortgeschrittene geeignet.<br>Ich helfe dir, deine Ideen umzusetzen.<\/p>\n\n\n\n<p>Die Kurskosten betragen jeweils pro Person 55.- (Einzelkurs) oder 35.- Fr. (Gruppenkurse) f\u00fcr jeweils einen Vormittag- \/ Nachmittag- \/ Abendkurs. Material wird zus\u00e4tzlich abgerechnet.<\/p>\n\n\n\n<p>Kurszeiten:<\/p>\n\n\n\n<ul class=\"wp-block-list\">\n<li>Vormittag: 8.30 &#8211; 11.30 Uhr<\/li>\n\n\n\n<li>Nachmittag: 13.30 &#8211; 16.30 Uhr <\/li>\n\n\n\n<li>Abend: 18.30 &#8211; 21.30 Uhr<\/li>\n<\/ul>\n\n\n\n<p><strong>Pro T\u00f6pferkurs k\u00f6nnen max. 4 Personen teilnehmen<\/strong>.<br>Beim Glasieren (Malen) sind 4 bis max. 6 Teilnehmer m\u00f6glich.<\/p>\n<\/div>\n<\/div>\n<\/div>\n\n\n\n\n\n\n\n<div class=\"wp-block-group is-layout-flow wp-block-group-is-layout-flow\">\n<div class=\"wp-block-columns is-layout-flex wp-container-core-columns-is-layout-28f84493 wp-block-columns-is-layout-flex\">\n<div class=\"wp-block-column is-layout-flow wp-block-column-is-layout-flow\">\n<h2 class=\"wp-block-heading\" style=\"margin-top:var(--wp--preset--spacing--30);margin-bottom:var(--wp--preset--spacing--30)\">Muttertags T\u00f6pfern<\/h2>\n\n\n\n<h3 class=\"wp-block-heading\">(Muttertag ist am 10. Mai 2026)<\/h3>\n\n\n\n<p class=\"has-medium-font-size\">Materialkosten: 32.- Fr. \/ kg f\u00fcr fertige Kunstwerke (inkl. Roh- und Glasurbrand)<\/p>\n\n\n\n<figure class=\"wp-block-table is-style-stripes has-medium-font-size\"><table><thead><tr><th class=\"has-text-align-left\" data-align=\"left\">Wann<\/th><th class=\"has-text-align-left\" data-align=\"left\">Arbeiten<\/th><th class=\"has-text-align-left\" data-align=\"left\">Kurszeiten<\/th><th class=\"has-text-align-left\" data-align=\"left\">Kurskosten<\/th><\/tr><\/thead><tbody><tr><td class=\"has-text-align-left\" data-align=\"left\"><br>08.04.2026<br><\/td><td class=\"has-text-align-left\" data-align=\"left\"><br>T\u00f6pfern 1 x<br><\/td><td class=\"has-text-align-left\" data-align=\"left\">Vormittag oder<br>Nachmittag oder<br>Abend<\/td><td class=\"has-text-align-left\" data-align=\"left\">35.- Fr. p.P.<\/td><\/tr><tr><td class=\"has-text-align-left\" data-align=\"left\">09.04.2026<\/td><td class=\"has-text-align-left\" data-align=\"left\">T\u00f6pfern 1 x<\/td><td class=\"has-text-align-left\" data-align=\"left\">Vormittag oder<br>Nachmittag oder<br>Abend<\/td><td class=\"has-text-align-left\" data-align=\"left\">35.- Fr. p.P<\/td><\/tr><tr><td class=\"has-text-align-left\" data-align=\"left\">15.04.2026<\/td><td class=\"has-text-align-left\" data-align=\"left\">T\u00f6pfern 1 x<\/td><td class=\"has-text-align-left\" data-align=\"left\">Vormittag oder<br>Nachmittag oder<br>Abend<\/td><td class=\"has-text-align-left\" data-align=\"left\">35.- Fr. p.P.<\/td><\/tr><tr><td class=\"has-text-align-left\" data-align=\"left\">16.04.2026<\/td><td class=\"has-text-align-left\" data-align=\"left\">T\u00f6pfern 1 x<\/td><td class=\"has-text-align-left\" data-align=\"left\">Vormittag oder<br>Nachmittag oder<br>Abend<\/td><td class=\"has-text-align-left\" data-align=\"left\">35.- Fr. p.P.<\/td><\/tr><tr><td class=\"has-text-align-left\" data-align=\"left\">17.04.2026<\/td><td class=\"has-text-align-left\" data-align=\"left\">T\u00f6pfern 1 x<\/td><td class=\"has-text-align-left\" data-align=\"left\">Vormittag oder<br>Nachmittag<\/td><td class=\"has-text-align-left\" data-align=\"left\">35.- Fr. p.P.<\/td><\/tr><tr><td class=\"has-text-align-left\" data-align=\"left\">27.04.2026<\/td><td class=\"has-text-align-left\" data-align=\"left\">Glasieren 1 x <\/td><td class=\"has-text-align-left\" data-align=\"left\">Nachmittag oder<br>Abend<\/td><td class=\"has-text-align-left\" data-align=\"left\">35.- Fr. p.P.<\/td><\/tr><tr><td class=\"has-text-align-left\" data-align=\"left\">28.04.2026<\/td><td class=\"has-text-align-left\" data-align=\"left\">Glasieren 1 x <\/td><td class=\"has-text-align-left\" data-align=\"left\">Vormittag oder<br>Nachmittag<\/td><td class=\"has-text-align-left\" data-align=\"left\">35.- Fr. p.P.<\/td><\/tr><tr><td class=\"has-text-align-left\" data-align=\"left\">29.04.2026<\/td><td class=\"has-text-align-left\" data-align=\"left\">Glasieren 1 x <\/td><td class=\"has-text-align-left\" data-align=\"left\">Vormittag oder<br>Nachmittag oder<br>Abend<\/td><td class=\"has-text-align-left\" data-align=\"left\">35.- Fr. p.P.<\/td><\/tr><tr><td class=\"has-text-align-left\" data-align=\"left\">30.04.2026<\/td><td class=\"has-text-align-left\" data-align=\"left\">Glasieren 1 x<\/td><td class=\"has-text-align-left\" data-align=\"left\">Vormittag oder<br>Nachmittag oder<br>Abend<\/td><td class=\"has-text-align-left\" data-align=\"left\">35.- Fr. p.P.<\/td><\/tr><tr><td class=\"has-text-align-left\" data-align=\"left\">01.05.2026<\/td><td class=\"has-text-align-left\" data-align=\"left\">Glasieren 1 x<\/td><td class=\"has-text-align-left\" data-align=\"left\">Vormittag oder<br>Nachmittag<\/td><td class=\"has-text-align-left\" data-align=\"left\">35.- Fr. p.P.<\/td><\/tr><tr><td class=\"has-text-align-left\" data-align=\"left\">02.05.2026<\/td><td class=\"has-text-align-left\" data-align=\"left\">Glasieren 1 x<\/td><td class=\"has-text-align-left\" data-align=\"left\">Vormittag<\/td><td class=\"has-text-align-left\" data-align=\"left\">35.- Fr. p.P.<\/td><\/tr><\/tbody><\/table><\/figure>\n\n\n\n<p>Anmeldung per <a href=\"https:\/\/wa.me\/41774007453?text=Anmeldung%20Muttertagstoepfern\" target=\"_blank\" rel=\"noreferrer noopener\">WhatsApp<\/a> oder Telefon<\/p>\n<\/div>\n<\/div>\n<\/div>\n\n\n\n<div class=\"wp-block-group is-layout-flow wp-block-group-is-layout-flow\">\n<div class=\"wp-block-columns is-layout-flex wp-container-core-columns-is-layout-28f84493 wp-block-columns-is-layout-flex\">\n<div class=\"wp-block-column is-layout-flow wp-block-column-is-layout-flow\">\n<h2 class=\"wp-block-heading\" style=\"margin-top:var(--wp--preset--spacing--30);margin-bottom:var(--wp--preset--spacing--30)\">Lichtspiel<\/h2>\n\n\n\n<h3 class=\"wp-block-heading\">Gestalte deine eigene Solarkugel. Ein Hingucker auf deiner Terrasse!<\/h3>\n\n\n\n<p>Es steht eine geformte Tonkugel zum Gestalten und Schnitzen bereit. Die Kurskosten verstehen sich pauschal inkl. der Tonkugel, den Farben\/Glasuren, einem Solarlicht und den beiden Br\u00e4nden (Roh- und Glasurbrand).<\/p>\n\n\n\n<figure class=\"wp-block-table is-style-stripes has-medium-font-size\"><table><thead><tr><th class=\"has-text-align-left\" data-align=\"left\">Wann<\/th><th class=\"has-text-align-left\" data-align=\"left\">Arbeiten<\/th><th class=\"has-text-align-left\" data-align=\"left\">Kurszeiten<\/th><th class=\"has-text-align-left\" data-align=\"left\">Kurskosten<\/th><\/tr><\/thead><tbody><tr><td class=\"has-text-align-left\" data-align=\"left\">20.05.2026<\/td><td class=\"has-text-align-left\" data-align=\"left\">T\u00f6pfern 1 x<\/td><td class=\"has-text-align-left\" data-align=\"left\">Vormittag<\/td><td class=\"has-text-align-left\" data-align=\"left\">150.- Fr. p.P.<\/td><\/tr><tr><td class=\"has-text-align-left\" data-align=\"left\">21.05.2026<\/td><td class=\"has-text-align-left\" data-align=\"left\">T\u00f6pfern 1 x<\/td><td class=\"has-text-align-left\" data-align=\"left\">Vormittag oder<br>Nachmittag oder<br>Abend<\/td><td class=\"has-text-align-left\" data-align=\"left\">150.- Fr. p.P<\/td><\/tr><tr><td class=\"has-text-align-left\" data-align=\"left\">10.06.2026<\/td><td class=\"has-text-align-left\" data-align=\"left\">Glasieren 1 x <\/td><td class=\"has-text-align-left\" data-align=\"left\">Vormittag<\/td><td class=\"has-text-align-left\" data-align=\"left\">inklusive<\/td><\/tr><tr><td class=\"has-text-align-left\" data-align=\"left\">11.06.2026<\/td><td class=\"has-text-align-left\" data-align=\"left\">Glasieren 1 x <\/td><td class=\"has-text-align-left\" data-align=\"left\">Vormittag oder<br>Nachmittag oder<br>Abend<\/td><td class=\"has-text-align-left\" data-align=\"left\">inklusive<\/td><\/tr><\/tbody><\/table><\/figure>\n\n\n\n<p>Anmeldung per <a href=\"https:\/\/wa.me\/41774007453?text=Anmeldung%20Lichtspiel\" target=\"_blank\" rel=\"noreferrer noopener\">WhatsApp<\/a> oder Telefon<\/p>\n<\/div>\n<\/div>\n<\/div>\n","protected":false},"excerpt":{"rendered":"<p>Die Kurse sind f\u00fcr Anf\u00e4nger und Fortgeschrittene geeignet.Ich helfe dir, deine Ideen umzusetzen. Die Kurskosten betragen jeweils pro Person 55.- (Einzelkurs) oder 35.- Fr. (Gruppenkurse) f\u00fcr jeweils einen Vormittag- \/ Nachmittag- \/ Abendkurs. Material wird zus\u00e4tzlich abgerechnet. Kurszeiten: Pro T\u00f6pferkurs k\u00f6nnen max. 4 Personen teilnehmen.Beim Glasieren (Malen) sind 4 bis max. 6 Teilnehmer m\u00f6glich. Tassen [&hellip;]<\/p>\n","protected":false},"author":1,"featured_media":0,"parent":0,"menu_order":0,"comment_status":"closed","ping_status":"closed","template":"","meta":{"footnotes":""},"class_list":["post-340","page","type-page","status-publish","hentry"],"_links":{"self":[{"href":"https:\/\/tonschoepfli.ch\/index.php\/wp-json\/wp\/v2\/pages\/340","targetHints":{"allow":["GET"]}}],"collection":[{"href":"https:\/\/tonschoepfli.ch\/index.php\/wp-json\/wp\/v2\/pages"}],"about":[{"href":"https:\/\/tonschoepfli.ch\/index.php\/wp-json\/wp\/v2\/types\/page"}],"author":[{"embeddable":true,"href":"https:\/\/tonschoepfli.ch\/index.php\/wp-json\/wp\/v2\/users\/1"}],"replies":[{"embeddable":true,"href":"https:\/\/tonschoepfli.ch\/index.php\/wp-json\/wp\/v2\/comments?post=340"}],"version-history":[{"count":16,"href":"https:\/\/tonschoepfli.ch\/index.php\/wp-json\/wp\/v2\/pages\/340\/revisions"}],"predecessor-version":[{"id":364,"href":"https:\/\/tonschoepfli.ch\/index.php\/wp-json\/wp\/v2\/pages\/340\/revisions\/364"}],"wp:attachment":[{"href":"https:\/\/tonschoepfli.ch\/index.php\/wp-json\/wp\/v2\/media?parent=340"}],"curies":[{"name":"wp","href":"https:\/\/api.w.org\/{rel}","templated":true}]}}