{"id":14,"date":"2025-04-19T11:11:49","date_gmt":"2025-04-19T09:11:49","guid":{"rendered":"https:\/\/tonschoepfli.ch\/?page_id=14"},"modified":"2025-04-19T11:43:38","modified_gmt":"2025-04-19T09:43:38","slug":"toepfern","status":"publish","type":"page","link":"https:\/\/tonschoepfli.ch\/index.php\/toepfern\/","title":{"rendered":"T\u00f6pfern"},"content":{"rendered":"\n<div class=\"wp-block-group alignfull is-style-default is-layout-flow wp-block-group-is-layout-flow\" style=\"margin-top:0;margin-bottom:0;padding-top:0;padding-bottom:0\">\n<div class=\"wp-block-columns alignwide is-layout-flex wp-container-core-columns-is-layout-8eb77903 wp-block-columns-is-layout-flex\" style=\"margin-top:0;margin-bottom:0\">\n<div class=\"wp-block-column is-vertically-aligned-center is-layout-flow wp-block-column-is-layout-flow\" style=\"padding-right:var(--wp--preset--spacing--50)\">\n<figure class=\"wp-block-image size-full is-resized\"><img loading=\"lazy\" decoding=\"async\" width=\"2560\" height=\"1920\" src=\"https:\/\/tonschoepfli.ch\/wp-content\/uploads\/2025\/04\/Kaesseli-1-1-edited-scaled.jpg\" alt=\"\" class=\"wp-image-315\" style=\"width:400px\" srcset=\"https:\/\/tonschoepfli.ch\/wp-content\/uploads\/2025\/04\/Kaesseli-1-1-edited-scaled.jpg 2560w, https:\/\/tonschoepfli.ch\/wp-content\/uploads\/2025\/04\/Kaesseli-1-1-edited-300x225.jpg 300w, https:\/\/tonschoepfli.ch\/wp-content\/uploads\/2025\/04\/Kaesseli-1-1-edited-1024x768.jpg 1024w, https:\/\/tonschoepfli.ch\/wp-content\/uploads\/2025\/04\/Kaesseli-1-1-edited-768x576.jpg 768w, https:\/\/tonschoepfli.ch\/wp-content\/uploads\/2025\/04\/Kaesseli-1-1-edited-1536x1152.jpg 1536w, https:\/\/tonschoepfli.ch\/wp-content\/uploads\/2025\/04\/Kaesseli-1-1-edited-2048x1536.jpg 2048w\" sizes=\"auto, (max-width: 2560px) 100vw, 2560px\" \/><\/figure>\n<\/div>\n\n\n\n<div class=\"wp-block-column is-vertically-aligned-center is-layout-flow wp-block-column-is-layout-flow\" style=\"padding-top:var(--wp--preset--spacing--30);padding-right:0;padding-bottom:var(--wp--preset--spacing--30);padding-left:0;flex-basis:60%\">\n<p class=\"is-style-default\">Wenn du m\u00f6chtest, dann kannst du mit meiner Hilfestellung dein Unikat selber t\u00f6pfern.<\/p>\n\n\n\n<p>Bitte denke daran, dass es zwei Termine braucht: Am ersten wird der Rohling hergestellt, der dann zuerst getrocknet werden muss und danach gebrannt wird.<br>Danach erst kann gemalt werden und dann erfolgt der Glasurbrand.<\/p>\n\n\n\n<p>Es gilt zu beachten, dass ich nur Kleingruppen bis max. 4 Personen gleichzeitig betreuen kann.<\/p>\n\n\n\n<p>Das Tonsch\u00f6pfli, sowie das Verkaufsschr\u00e4nkli \u00f6ffnen gerne ihre T\u00fcren nach Terminvereinbarung.<\/p>\n<\/div>\n<\/div>\n<\/div>\n\n\n\n<div style=\"margin-top:0;margin-bottom:0;height:20px\" aria-hidden=\"true\" class=\"wp-block-spacer\"><\/div>\n\n\n\n<div class=\"wp-block-group is-layout-flow wp-block-group-is-layout-flow\">\n<h2 class=\"wp-block-heading\">Werke kleiner K\u00fcnstler<\/h2>\n\n\n\n<figure class=\"wp-block-gallery has-nested-images columns-5 is-cropped wp-block-gallery-1 is-layout-flex wp-block-gallery-is-layout-flex\">\n<figure class=\"wp-block-image size-large\"><img loading=\"lazy\" decoding=\"async\" width=\"1024\" height=\"768\" data-id=\"294\" src=\"https:\/\/tonschoepfli.ch\/wp-content\/uploads\/2025\/04\/Baer-und-die-Lemminge-1-1-1024x768.jpg\" alt=\"\" class=\"wp-image-294\" srcset=\"https:\/\/tonschoepfli.ch\/wp-content\/uploads\/2025\/04\/Baer-und-die-Lemminge-1-1-1024x768.jpg 1024w, https:\/\/tonschoepfli.ch\/wp-content\/uploads\/2025\/04\/Baer-und-die-Lemminge-1-1-300x225.jpg 300w, https:\/\/tonschoepfli.ch\/wp-content\/uploads\/2025\/04\/Baer-und-die-Lemminge-1-1-768x576.jpg 768w, https:\/\/tonschoepfli.ch\/wp-content\/uploads\/2025\/04\/Baer-und-die-Lemminge-1-1-1536x1152.jpg 1536w, https:\/\/tonschoepfli.ch\/wp-content\/uploads\/2025\/04\/Baer-und-die-Lemminge-1-1-2048x1536.jpg 2048w\" sizes=\"auto, (max-width: 1024px) 100vw, 1024px\" \/><\/figure>\n\n\n\n<figure class=\"wp-block-image size-large\"><img loading=\"lazy\" decoding=\"async\" width=\"1024\" height=\"768\" data-id=\"297\" src=\"https:\/\/tonschoepfli.ch\/wp-content\/uploads\/2025\/04\/Blumen-Vase-1-1-1024x768.jpg\" alt=\"\" class=\"wp-image-297\" srcset=\"https:\/\/tonschoepfli.ch\/wp-content\/uploads\/2025\/04\/Blumen-Vase-1-1-1024x768.jpg 1024w, https:\/\/tonschoepfli.ch\/wp-content\/uploads\/2025\/04\/Blumen-Vase-1-1-300x225.jpg 300w, https:\/\/tonschoepfli.ch\/wp-content\/uploads\/2025\/04\/Blumen-Vase-1-1-768x576.jpg 768w, https:\/\/tonschoepfli.ch\/wp-content\/uploads\/2025\/04\/Blumen-Vase-1-1-1536x1152.jpg 1536w, https:\/\/tonschoepfli.ch\/wp-content\/uploads\/2025\/04\/Blumen-Vase-1-1-2048x1536.jpg 2048w\" sizes=\"auto, (max-width: 1024px) 100vw, 1024px\" \/><\/figure>\n\n\n\n<figure class=\"wp-block-image size-large\"><img loading=\"lazy\" decoding=\"async\" width=\"1024\" height=\"768\" data-id=\"298\" src=\"https:\/\/tonschoepfli.ch\/wp-content\/uploads\/2025\/04\/Hand-Schale-1-1-1024x768.jpg\" alt=\"\" class=\"wp-image-298\" srcset=\"https:\/\/tonschoepfli.ch\/wp-content\/uploads\/2025\/04\/Hand-Schale-1-1-1024x768.jpg 1024w, https:\/\/tonschoepfli.ch\/wp-content\/uploads\/2025\/04\/Hand-Schale-1-1-300x225.jpg 300w, https:\/\/tonschoepfli.ch\/wp-content\/uploads\/2025\/04\/Hand-Schale-1-1-768x576.jpg 768w, https:\/\/tonschoepfli.ch\/wp-content\/uploads\/2025\/04\/Hand-Schale-1-1-1536x1152.jpg 1536w, https:\/\/tonschoepfli.ch\/wp-content\/uploads\/2025\/04\/Hand-Schale-1-1-2048x1536.jpg 2048w\" sizes=\"auto, (max-width: 1024px) 100vw, 1024px\" \/><\/figure>\n\n\n\n<figure class=\"wp-block-image size-large\"><img loading=\"lazy\" decoding=\"async\" width=\"1024\" height=\"768\" data-id=\"299\" src=\"https:\/\/tonschoepfli.ch\/wp-content\/uploads\/2025\/04\/Herz-und-Blume-1-1-1024x768.jpg\" alt=\"\" class=\"wp-image-299\" srcset=\"https:\/\/tonschoepfli.ch\/wp-content\/uploads\/2025\/04\/Herz-und-Blume-1-1-1024x768.jpg 1024w, https:\/\/tonschoepfli.ch\/wp-content\/uploads\/2025\/04\/Herz-und-Blume-1-1-300x225.jpg 300w, https:\/\/tonschoepfli.ch\/wp-content\/uploads\/2025\/04\/Herz-und-Blume-1-1-768x576.jpg 768w, https:\/\/tonschoepfli.ch\/wp-content\/uploads\/2025\/04\/Herz-und-Blume-1-1-1536x1152.jpg 1536w, https:\/\/tonschoepfli.ch\/wp-content\/uploads\/2025\/04\/Herz-und-Blume-1-1-2048x1536.jpg 2048w\" sizes=\"auto, (max-width: 1024px) 100vw, 1024px\" \/><\/figure>\n\n\n\n<figure class=\"wp-block-image size-large\"><img loading=\"lazy\" decoding=\"async\" width=\"1024\" height=\"768\" data-id=\"302\" src=\"https:\/\/tonschoepfli.ch\/wp-content\/uploads\/2025\/04\/Joga-Tasse-1-5-1024x768.jpg\" alt=\"\" class=\"wp-image-302\" srcset=\"https:\/\/tonschoepfli.ch\/wp-content\/uploads\/2025\/04\/Joga-Tasse-1-5-1024x768.jpg 1024w, https:\/\/tonschoepfli.ch\/wp-content\/uploads\/2025\/04\/Joga-Tasse-1-5-300x225.jpg 300w, https:\/\/tonschoepfli.ch\/wp-content\/uploads\/2025\/04\/Joga-Tasse-1-5-768x576.jpg 768w, https:\/\/tonschoepfli.ch\/wp-content\/uploads\/2025\/04\/Joga-Tasse-1-5-1536x1152.jpg 1536w, https:\/\/tonschoepfli.ch\/wp-content\/uploads\/2025\/04\/Joga-Tasse-1-5-2048x1536.jpg 2048w\" sizes=\"auto, (max-width: 1024px) 100vw, 1024px\" \/><\/figure>\n\n\n\n<figure class=\"wp-block-image size-large\"><img loading=\"lazy\" decoding=\"async\" width=\"1024\" height=\"768\" data-id=\"300\" src=\"https:\/\/tonschoepfli.ch\/wp-content\/uploads\/2025\/04\/Kunstwerk-1-5-1024x768.jpg\" alt=\"\" class=\"wp-image-300\" srcset=\"https:\/\/tonschoepfli.ch\/wp-content\/uploads\/2025\/04\/Kunstwerk-1-5-1024x768.jpg 1024w, https:\/\/tonschoepfli.ch\/wp-content\/uploads\/2025\/04\/Kunstwerk-1-5-300x225.jpg 300w, https:\/\/tonschoepfli.ch\/wp-content\/uploads\/2025\/04\/Kunstwerk-1-5-768x576.jpg 768w, https:\/\/tonschoepfli.ch\/wp-content\/uploads\/2025\/04\/Kunstwerk-1-5-1536x1152.jpg 1536w, https:\/\/tonschoepfli.ch\/wp-content\/uploads\/2025\/04\/Kunstwerk-1-5-2048x1536.jpg 2048w\" sizes=\"auto, (max-width: 1024px) 100vw, 1024px\" \/><\/figure>\n\n\n\n<figure class=\"wp-block-image size-large\"><img loading=\"lazy\" decoding=\"async\" width=\"1024\" height=\"768\" data-id=\"301\" src=\"https:\/\/tonschoepfli.ch\/wp-content\/uploads\/2025\/04\/Kunstwerk-1-6-1024x768.jpg\" alt=\"\" class=\"wp-image-301\" srcset=\"https:\/\/tonschoepfli.ch\/wp-content\/uploads\/2025\/04\/Kunstwerk-1-6-1024x768.jpg 1024w, https:\/\/tonschoepfli.ch\/wp-content\/uploads\/2025\/04\/Kunstwerk-1-6-300x225.jpg 300w, https:\/\/tonschoepfli.ch\/wp-content\/uploads\/2025\/04\/Kunstwerk-1-6-768x576.jpg 768w, https:\/\/tonschoepfli.ch\/wp-content\/uploads\/2025\/04\/Kunstwerk-1-6-1536x1152.jpg 1536w, https:\/\/tonschoepfli.ch\/wp-content\/uploads\/2025\/04\/Kunstwerk-1-6-2048x1536.jpg 2048w\" sizes=\"auto, (max-width: 1024px) 100vw, 1024px\" \/><\/figure>\n\n\n\n<figure class=\"wp-block-image size-large\"><img loading=\"lazy\" decoding=\"async\" width=\"1024\" height=\"768\" data-id=\"303\" src=\"https:\/\/tonschoepfli.ch\/wp-content\/uploads\/2025\/04\/Kunstwerk-1-7-1024x768.jpg\" alt=\"\" class=\"wp-image-303\" srcset=\"https:\/\/tonschoepfli.ch\/wp-content\/uploads\/2025\/04\/Kunstwerk-1-7-1024x768.jpg 1024w, https:\/\/tonschoepfli.ch\/wp-content\/uploads\/2025\/04\/Kunstwerk-1-7-300x225.jpg 300w, https:\/\/tonschoepfli.ch\/wp-content\/uploads\/2025\/04\/Kunstwerk-1-7-768x576.jpg 768w, https:\/\/tonschoepfli.ch\/wp-content\/uploads\/2025\/04\/Kunstwerk-1-7-1536x1152.jpg 1536w, https:\/\/tonschoepfli.ch\/wp-content\/uploads\/2025\/04\/Kunstwerk-1-7-2048x1536.jpg 2048w\" sizes=\"auto, (max-width: 1024px) 100vw, 1024px\" \/><\/figure>\n\n\n\n<figure class=\"wp-block-image size-large\"><img loading=\"lazy\" decoding=\"async\" width=\"1024\" height=\"768\" data-id=\"304\" src=\"https:\/\/tonschoepfli.ch\/wp-content\/uploads\/2025\/04\/Kunstwerk-Muschel-1-5-1024x768.jpg\" alt=\"\" class=\"wp-image-304\" srcset=\"https:\/\/tonschoepfli.ch\/wp-content\/uploads\/2025\/04\/Kunstwerk-Muschel-1-5-1024x768.jpg 1024w, https:\/\/tonschoepfli.ch\/wp-content\/uploads\/2025\/04\/Kunstwerk-Muschel-1-5-300x225.jpg 300w, https:\/\/tonschoepfli.ch\/wp-content\/uploads\/2025\/04\/Kunstwerk-Muschel-1-5-768x576.jpg 768w, https:\/\/tonschoepfli.ch\/wp-content\/uploads\/2025\/04\/Kunstwerk-Muschel-1-5-1536x1152.jpg 1536w, https:\/\/tonschoepfli.ch\/wp-content\/uploads\/2025\/04\/Kunstwerk-Muschel-1-5-2048x1536.jpg 2048w\" sizes=\"auto, (max-width: 1024px) 100vw, 1024px\" \/><\/figure>\n\n\n\n<figure class=\"wp-block-image size-large\"><img loading=\"lazy\" decoding=\"async\" width=\"1024\" height=\"768\" data-id=\"305\" src=\"https:\/\/tonschoepfli.ch\/wp-content\/uploads\/2025\/04\/Kustwerk-1-4-1024x768.jpg\" alt=\"\" class=\"wp-image-305\" srcset=\"https:\/\/tonschoepfli.ch\/wp-content\/uploads\/2025\/04\/Kustwerk-1-4-1024x768.jpg 1024w, https:\/\/tonschoepfli.ch\/wp-content\/uploads\/2025\/04\/Kustwerk-1-4-300x225.jpg 300w, https:\/\/tonschoepfli.ch\/wp-content\/uploads\/2025\/04\/Kustwerk-1-4-768x576.jpg 768w, https:\/\/tonschoepfli.ch\/wp-content\/uploads\/2025\/04\/Kustwerk-1-4-1536x1152.jpg 1536w, https:\/\/tonschoepfli.ch\/wp-content\/uploads\/2025\/04\/Kustwerk-1-4-2048x1536.jpg 2048w\" sizes=\"auto, (max-width: 1024px) 100vw, 1024px\" \/><\/figure>\n\n\n\n<figure class=\"wp-block-image size-large\"><img loading=\"lazy\" decoding=\"async\" width=\"1024\" height=\"768\" data-id=\"306\" src=\"https:\/\/tonschoepfli.ch\/wp-content\/uploads\/2025\/04\/Muttergs-Geschenk-1-1-1024x768.jpg\" alt=\"\" class=\"wp-image-306\" srcset=\"https:\/\/tonschoepfli.ch\/wp-content\/uploads\/2025\/04\/Muttergs-Geschenk-1-1-1024x768.jpg 1024w, https:\/\/tonschoepfli.ch\/wp-content\/uploads\/2025\/04\/Muttergs-Geschenk-1-1-300x225.jpg 300w, https:\/\/tonschoepfli.ch\/wp-content\/uploads\/2025\/04\/Muttergs-Geschenk-1-1-768x576.jpg 768w, https:\/\/tonschoepfli.ch\/wp-content\/uploads\/2025\/04\/Muttergs-Geschenk-1-1-1536x1152.jpg 1536w, https:\/\/tonschoepfli.ch\/wp-content\/uploads\/2025\/04\/Muttergs-Geschenk-1-1-2048x1536.jpg 2048w\" sizes=\"auto, (max-width: 1024px) 100vw, 1024px\" \/><\/figure>\n\n\n\n<figure class=\"wp-block-image size-large\"><img loading=\"lazy\" decoding=\"async\" width=\"1024\" height=\"768\" data-id=\"307\" src=\"https:\/\/tonschoepfli.ch\/wp-content\/uploads\/2025\/04\/Muttertags-Herz-1-1-1024x768.jpg\" alt=\"\" class=\"wp-image-307\" srcset=\"https:\/\/tonschoepfli.ch\/wp-content\/uploads\/2025\/04\/Muttertags-Herz-1-1-1024x768.jpg 1024w, https:\/\/tonschoepfli.ch\/wp-content\/uploads\/2025\/04\/Muttertags-Herz-1-1-300x225.jpg 300w, https:\/\/tonschoepfli.ch\/wp-content\/uploads\/2025\/04\/Muttertags-Herz-1-1-768x576.jpg 768w, https:\/\/tonschoepfli.ch\/wp-content\/uploads\/2025\/04\/Muttertags-Herz-1-1-1536x1152.jpg 1536w, https:\/\/tonschoepfli.ch\/wp-content\/uploads\/2025\/04\/Muttertags-Herz-1-1-2048x1536.jpg 2048w\" sizes=\"auto, (max-width: 1024px) 100vw, 1024px\" \/><\/figure>\n\n\n\n<figure class=\"wp-block-image size-large\"><img loading=\"lazy\" decoding=\"async\" width=\"1024\" height=\"768\" data-id=\"308\" src=\"https:\/\/tonschoepfli.ch\/wp-content\/uploads\/2025\/04\/Ostern-1-2-1024x768.jpg\" alt=\"\" class=\"wp-image-308\" srcset=\"https:\/\/tonschoepfli.ch\/wp-content\/uploads\/2025\/04\/Ostern-1-2-1024x768.jpg 1024w, https:\/\/tonschoepfli.ch\/wp-content\/uploads\/2025\/04\/Ostern-1-2-300x225.jpg 300w, https:\/\/tonschoepfli.ch\/wp-content\/uploads\/2025\/04\/Ostern-1-2-768x576.jpg 768w, https:\/\/tonschoepfli.ch\/wp-content\/uploads\/2025\/04\/Ostern-1-2-1536x1152.jpg 1536w, https:\/\/tonschoepfli.ch\/wp-content\/uploads\/2025\/04\/Ostern-1-2-2048x1536.jpg 2048w\" sizes=\"auto, (max-width: 1024px) 100vw, 1024px\" \/><\/figure>\n\n\n\n<figure class=\"wp-block-image size-large\"><img loading=\"lazy\" decoding=\"async\" width=\"1024\" height=\"768\" data-id=\"309\" src=\"https:\/\/tonschoepfli.ch\/wp-content\/uploads\/2025\/04\/Pferd-und-Blume-1-2-1024x768.jpg\" alt=\"\" class=\"wp-image-309\" srcset=\"https:\/\/tonschoepfli.ch\/wp-content\/uploads\/2025\/04\/Pferd-und-Blume-1-2-1024x768.jpg 1024w, https:\/\/tonschoepfli.ch\/wp-content\/uploads\/2025\/04\/Pferd-und-Blume-1-2-300x225.jpg 300w, https:\/\/tonschoepfli.ch\/wp-content\/uploads\/2025\/04\/Pferd-und-Blume-1-2-768x576.jpg 768w, https:\/\/tonschoepfli.ch\/wp-content\/uploads\/2025\/04\/Pferd-und-Blume-1-2-1536x1152.jpg 1536w, https:\/\/tonschoepfli.ch\/wp-content\/uploads\/2025\/04\/Pferd-und-Blume-1-2-2048x1536.jpg 2048w\" sizes=\"auto, (max-width: 1024px) 100vw, 1024px\" \/><\/figure>\n\n\n\n<figure class=\"wp-block-image size-large\"><img loading=\"lazy\" decoding=\"async\" width=\"1024\" height=\"768\" data-id=\"310\" src=\"https:\/\/tonschoepfli.ch\/wp-content\/uploads\/2025\/04\/Pferd-und-Blume-1-4-1024x768.jpg\" alt=\"\" class=\"wp-image-310\" srcset=\"https:\/\/tonschoepfli.ch\/wp-content\/uploads\/2025\/04\/Pferd-und-Blume-1-4-1024x768.jpg 1024w, https:\/\/tonschoepfli.ch\/wp-content\/uploads\/2025\/04\/Pferd-und-Blume-1-4-300x225.jpg 300w, https:\/\/tonschoepfli.ch\/wp-content\/uploads\/2025\/04\/Pferd-und-Blume-1-4-768x576.jpg 768w, https:\/\/tonschoepfli.ch\/wp-content\/uploads\/2025\/04\/Pferd-und-Blume-1-4-1536x1152.jpg 1536w, https:\/\/tonschoepfli.ch\/wp-content\/uploads\/2025\/04\/Pferd-und-Blume-1-4-2048x1536.jpg 2048w\" sizes=\"auto, (max-width: 1024px) 100vw, 1024px\" \/><\/figure>\n\n\n\n<figure class=\"wp-block-image size-large\"><img loading=\"lazy\" decoding=\"async\" width=\"768\" height=\"1024\" data-id=\"311\" src=\"https:\/\/tonschoepfli.ch\/wp-content\/uploads\/2025\/04\/Pflanzen-Toepfli-1-1-768x1024.jpg\" alt=\"\" class=\"wp-image-311\" srcset=\"https:\/\/tonschoepfli.ch\/wp-content\/uploads\/2025\/04\/Pflanzen-Toepfli-1-1-768x1024.jpg 768w, https:\/\/tonschoepfli.ch\/wp-content\/uploads\/2025\/04\/Pflanzen-Toepfli-1-1-225x300.jpg 225w, https:\/\/tonschoepfli.ch\/wp-content\/uploads\/2025\/04\/Pflanzen-Toepfli-1-1-1152x1536.jpg 1152w, https:\/\/tonschoepfli.ch\/wp-content\/uploads\/2025\/04\/Pflanzen-Toepfli-1-1-1536x2048.jpg 1536w, https:\/\/tonschoepfli.ch\/wp-content\/uploads\/2025\/04\/Pflanzen-Toepfli-1-1-scaled.jpg 1920w\" sizes=\"auto, (max-width: 768px) 100vw, 768px\" \/><\/figure>\n\n\n\n<figure class=\"wp-block-image size-large\"><img loading=\"lazy\" decoding=\"async\" width=\"768\" height=\"1024\" data-id=\"296\" src=\"https:\/\/tonschoepfli.ch\/wp-content\/uploads\/2025\/04\/Guezli-Schale-1-1-768x1024.jpg\" alt=\"\" class=\"wp-image-296\" srcset=\"https:\/\/tonschoepfli.ch\/wp-content\/uploads\/2025\/04\/Guezli-Schale-1-1-768x1024.jpg 768w, https:\/\/tonschoepfli.ch\/wp-content\/uploads\/2025\/04\/Guezli-Schale-1-1-225x300.jpg 225w, https:\/\/tonschoepfli.ch\/wp-content\/uploads\/2025\/04\/Guezli-Schale-1-1-1152x1536.jpg 1152w, https:\/\/tonschoepfli.ch\/wp-content\/uploads\/2025\/04\/Guezli-Schale-1-1-1536x2048.jpg 1536w, https:\/\/tonschoepfli.ch\/wp-content\/uploads\/2025\/04\/Guezli-Schale-1-1-scaled.jpg 1920w\" sizes=\"auto, (max-width: 768px) 100vw, 768px\" \/><\/figure>\n\n\n\n<figure class=\"wp-block-image size-large\"><img loading=\"lazy\" decoding=\"async\" width=\"768\" height=\"1024\" data-id=\"316\" src=\"https:\/\/tonschoepfli.ch\/wp-content\/uploads\/2025\/04\/Teller-selbst-Getoepfert-1-2-768x1024.jpg\" alt=\"\" class=\"wp-image-316\" srcset=\"https:\/\/tonschoepfli.ch\/wp-content\/uploads\/2025\/04\/Teller-selbst-Getoepfert-1-2-768x1024.jpg 768w, https:\/\/tonschoepfli.ch\/wp-content\/uploads\/2025\/04\/Teller-selbst-Getoepfert-1-2-225x300.jpg 225w, https:\/\/tonschoepfli.ch\/wp-content\/uploads\/2025\/04\/Teller-selbst-Getoepfert-1-2-1152x1536.jpg 1152w, https:\/\/tonschoepfli.ch\/wp-content\/uploads\/2025\/04\/Teller-selbst-Getoepfert-1-2-1536x2048.jpg 1536w, https:\/\/tonschoepfli.ch\/wp-content\/uploads\/2025\/04\/Teller-selbst-Getoepfert-1-2-scaled.jpg 1920w\" sizes=\"auto, (max-width: 768px) 100vw, 768px\" \/><\/figure>\n\n\n\n<figure class=\"wp-block-image size-large\"><img loading=\"lazy\" decoding=\"async\" width=\"1024\" height=\"768\" data-id=\"314\" src=\"https:\/\/tonschoepfli.ch\/wp-content\/uploads\/2025\/04\/Stifenhalter-1-2-1024x768.jpg\" alt=\"\" class=\"wp-image-314\" srcset=\"https:\/\/tonschoepfli.ch\/wp-content\/uploads\/2025\/04\/Stifenhalter-1-2-1024x768.jpg 1024w, https:\/\/tonschoepfli.ch\/wp-content\/uploads\/2025\/04\/Stifenhalter-1-2-300x225.jpg 300w, https:\/\/tonschoepfli.ch\/wp-content\/uploads\/2025\/04\/Stifenhalter-1-2-768x576.jpg 768w, https:\/\/tonschoepfli.ch\/wp-content\/uploads\/2025\/04\/Stifenhalter-1-2-1536x1152.jpg 1536w, https:\/\/tonschoepfli.ch\/wp-content\/uploads\/2025\/04\/Stifenhalter-1-2-2048x1536.jpg 2048w\" sizes=\"auto, (max-width: 1024px) 100vw, 1024px\" \/><\/figure>\n\n\n\n<figure class=\"wp-block-image size-large\"><img loading=\"lazy\" decoding=\"async\" width=\"1024\" height=\"768\" data-id=\"320\" src=\"https:\/\/tonschoepfli.ch\/wp-content\/uploads\/2025\/04\/WM-Pokal-1-4-1024x768.jpg\" alt=\"\" class=\"wp-image-320\" srcset=\"https:\/\/tonschoepfli.ch\/wp-content\/uploads\/2025\/04\/WM-Pokal-1-4-1024x768.jpg 1024w, https:\/\/tonschoepfli.ch\/wp-content\/uploads\/2025\/04\/WM-Pokal-1-4-300x225.jpg 300w, https:\/\/tonschoepfli.ch\/wp-content\/uploads\/2025\/04\/WM-Pokal-1-4-768x576.jpg 768w, https:\/\/tonschoepfli.ch\/wp-content\/uploads\/2025\/04\/WM-Pokal-1-4-1536x1152.jpg 1536w, https:\/\/tonschoepfli.ch\/wp-content\/uploads\/2025\/04\/WM-Pokal-1-4-2048x1536.jpg 2048w\" sizes=\"auto, (max-width: 1024px) 100vw, 1024px\" \/><\/figure>\n\n\n\n<figure class=\"wp-block-image size-large\"><img loading=\"lazy\" decoding=\"async\" width=\"1024\" height=\"768\" data-id=\"319\" src=\"https:\/\/tonschoepfli.ch\/wp-content\/uploads\/2025\/04\/WM-Pokal-1-2-1024x768.jpg\" alt=\"\" class=\"wp-image-319\" srcset=\"https:\/\/tonschoepfli.ch\/wp-content\/uploads\/2025\/04\/WM-Pokal-1-2-1024x768.jpg 1024w, https:\/\/tonschoepfli.ch\/wp-content\/uploads\/2025\/04\/WM-Pokal-1-2-300x225.jpg 300w, https:\/\/tonschoepfli.ch\/wp-content\/uploads\/2025\/04\/WM-Pokal-1-2-768x576.jpg 768w, https:\/\/tonschoepfli.ch\/wp-content\/uploads\/2025\/04\/WM-Pokal-1-2-1536x1152.jpg 1536w, https:\/\/tonschoepfli.ch\/wp-content\/uploads\/2025\/04\/WM-Pokal-1-2-2048x1536.jpg 2048w\" sizes=\"auto, (max-width: 1024px) 100vw, 1024px\" \/><\/figure>\n\n\n\n<figure class=\"wp-block-image size-large\"><img loading=\"lazy\" decoding=\"async\" width=\"1024\" height=\"768\" data-id=\"312\" src=\"https:\/\/tonschoepfli.ch\/wp-content\/uploads\/2025\/04\/Schmuckschaeleli-1-1-1024x768.jpg\" alt=\"\" class=\"wp-image-312\" srcset=\"https:\/\/tonschoepfli.ch\/wp-content\/uploads\/2025\/04\/Schmuckschaeleli-1-1-1024x768.jpg 1024w, https:\/\/tonschoepfli.ch\/wp-content\/uploads\/2025\/04\/Schmuckschaeleli-1-1-300x225.jpg 300w, https:\/\/tonschoepfli.ch\/wp-content\/uploads\/2025\/04\/Schmuckschaeleli-1-1-768x576.jpg 768w, https:\/\/tonschoepfli.ch\/wp-content\/uploads\/2025\/04\/Schmuckschaeleli-1-1-1536x1152.jpg 1536w, https:\/\/tonschoepfli.ch\/wp-content\/uploads\/2025\/04\/Schmuckschaeleli-1-1-2048x1536.jpg 2048w\" sizes=\"auto, (max-width: 1024px) 100vw, 1024px\" \/><\/figure>\n\n\n\n<figure class=\"wp-block-image size-large\"><img loading=\"lazy\" decoding=\"async\" width=\"1024\" height=\"768\" data-id=\"317\" src=\"https:\/\/tonschoepfli.ch\/wp-content\/uploads\/2025\/04\/Tasse-fuer-Mami-1-1-1-1024x768.jpg\" alt=\"\" class=\"wp-image-317\" srcset=\"https:\/\/tonschoepfli.ch\/wp-content\/uploads\/2025\/04\/Tasse-fuer-Mami-1-1-1-1024x768.jpg 1024w, https:\/\/tonschoepfli.ch\/wp-content\/uploads\/2025\/04\/Tasse-fuer-Mami-1-1-1-300x225.jpg 300w, https:\/\/tonschoepfli.ch\/wp-content\/uploads\/2025\/04\/Tasse-fuer-Mami-1-1-1-768x576.jpg 768w, https:\/\/tonschoepfli.ch\/wp-content\/uploads\/2025\/04\/Tasse-fuer-Mami-1-1-1-1536x1152.jpg 1536w, https:\/\/tonschoepfli.ch\/wp-content\/uploads\/2025\/04\/Tasse-fuer-Mami-1-1-1-2048x1536.jpg 2048w\" sizes=\"auto, (max-width: 1024px) 100vw, 1024px\" \/><\/figure>\n\n\n\n<figure class=\"wp-block-image size-large\"><img loading=\"lazy\" decoding=\"async\" width=\"1024\" height=\"768\" data-id=\"318\" src=\"https:\/\/tonschoepfli.ch\/wp-content\/uploads\/2025\/04\/Waehenblech-1-2-1024x768.jpg\" alt=\"\" class=\"wp-image-318\" srcset=\"https:\/\/tonschoepfli.ch\/wp-content\/uploads\/2025\/04\/Waehenblech-1-2-1024x768.jpg 1024w, https:\/\/tonschoepfli.ch\/wp-content\/uploads\/2025\/04\/Waehenblech-1-2-300x225.jpg 300w, https:\/\/tonschoepfli.ch\/wp-content\/uploads\/2025\/04\/Waehenblech-1-2-768x576.jpg 768w, https:\/\/tonschoepfli.ch\/wp-content\/uploads\/2025\/04\/Waehenblech-1-2-1536x1152.jpg 1536w, https:\/\/tonschoepfli.ch\/wp-content\/uploads\/2025\/04\/Waehenblech-1-2-2048x1536.jpg 2048w\" sizes=\"auto, (max-width: 1024px) 100vw, 1024px\" \/><\/figure>\n\n\n\n<figure class=\"wp-block-image size-large\"><img loading=\"lazy\" decoding=\"async\" width=\"1024\" height=\"768\" data-id=\"321\" src=\"https:\/\/tonschoepfli.ch\/wp-content\/uploads\/2025\/04\/Tasse-1-1-1024x768.jpg\" alt=\"\" class=\"wp-image-321\" srcset=\"https:\/\/tonschoepfli.ch\/wp-content\/uploads\/2025\/04\/Tasse-1-1-1024x768.jpg 1024w, https:\/\/tonschoepfli.ch\/wp-content\/uploads\/2025\/04\/Tasse-1-1-300x225.jpg 300w, https:\/\/tonschoepfli.ch\/wp-content\/uploads\/2025\/04\/Tasse-1-1-768x576.jpg 768w, https:\/\/tonschoepfli.ch\/wp-content\/uploads\/2025\/04\/Tasse-1-1-1536x1152.jpg 1536w, https:\/\/tonschoepfli.ch\/wp-content\/uploads\/2025\/04\/Tasse-1-1-2048x1536.jpg 2048w\" sizes=\"auto, (max-width: 1024px) 100vw, 1024px\" \/><\/figure>\n<\/figure>\n<\/div>\n","protected":false},"excerpt":{"rendered":"<p>Wenn du m\u00f6chtest, dann kannst du mit meiner Hilfestellung dein Unikat selber t\u00f6pfern. Bitte denke daran, dass es zwei Termine braucht: Am ersten wird der Rohling hergestellt, der dann zuerst getrocknet werden muss und danach gebrannt wird.Danach erst kann gemalt werden und dann erfolgt der Glasurbrand. Es gilt zu beachten, dass ich nur Kleingruppen bis [&hellip;]<\/p>\n","protected":false},"author":1,"featured_media":0,"parent":0,"menu_order":10,"comment_status":"closed","ping_status":"closed","template":"","meta":{"footnotes":""},"class_list":["post-14","page","type-page","status-publish","hentry"],"_links":{"self":[{"href":"https:\/\/tonschoepfli.ch\/index.php\/wp-json\/wp\/v2\/pages\/14","targetHints":{"allow":["GET"]}}],"collection":[{"href":"https:\/\/tonschoepfli.ch\/index.php\/wp-json\/wp\/v2\/pages"}],"about":[{"href":"https:\/\/tonschoepfli.ch\/index.php\/wp-json\/wp\/v2\/types\/page"}],"author":[{"embeddable":true,"href":"https:\/\/tonschoepfli.ch\/index.php\/wp-json\/wp\/v2\/users\/1"}],"replies":[{"embeddable":true,"href":"https:\/\/tonschoepfli.ch\/index.php\/wp-json\/wp\/v2\/comments?post=14"}],"version-history":[{"count":2,"href":"https:\/\/tonschoepfli.ch\/index.php\/wp-json\/wp\/v2\/pages\/14\/revisions"}],"predecessor-version":[{"id":322,"href":"https:\/\/tonschoepfli.ch\/index.php\/wp-json\/wp\/v2\/pages\/14\/revisions\/322"}],"wp:attachment":[{"href":"https:\/\/tonschoepfli.ch\/index.php\/wp-json\/wp\/v2\/media?parent=14"}],"curies":[{"name":"wp","href":"https:\/\/api.w.org\/{rel}","templated":true}]}}